{"id":9,"date":"2014-07-29T12:03:33","date_gmt":"2014-07-29T12:03:33","guid":{"rendered":"http:\/\/fruitfultheme.com\/?page_id=9"},"modified":"2017-12-21T02:44:25","modified_gmt":"2017-12-21T01:44:25","slug":"kto-to-jest-abi","status":"publish","type":"page","link":"https:\/\/rodo-radom.pl\/?page_id=9","title":{"rendered":"Ochrona danych osobowych &#8211; kto to jest ABI?"},"content":{"rendered":"<p><img fetchpriority=\"high\" decoding=\"async\" class=\"aligncenter wp-image-218 size-medium\" src=\"http:\/\/rodo-radom.pl\/wp-content\/uploads\/2014\/07\/klodka-300x300.jpg\" alt=\"ochrona danych osobowych Radom\" width=\"300\" height=\"300\" srcset=\"https:\/\/rodo-radom.pl\/wp-content\/uploads\/2014\/07\/klodka-300x300.jpg 300w, https:\/\/rodo-radom.pl\/wp-content\/uploads\/2014\/07\/klodka-150x150.jpg 150w, https:\/\/rodo-radom.pl\/wp-content\/uploads\/2014\/07\/klodka.jpg 650w\" sizes=\"(max-width: 300px) 100vw, 300px\" \/><\/p>\n<h3 style=\"text-align: justify;\"><strong>Administrator Bezpiecze\u0144stwa Informacji (ABI) to osoba, kt\u00f3r\u0105 wyznacza Administrator Danych w celu nadzorowania i przestrzegania zasad ochrony danych osobowych.<\/strong><\/h3>\n<p>&nbsp;<\/p>\n<div style=\"font-size: 18px;\">\n<p style=\"text-align: justify;\">G\u0142\u00f3wnym zadaniem ABI jest zapewnianie przestrzegania przepis\u00f3w o ochronie danych osobowych, a w szczeg\u00f3lno\u015bci:<\/p>\n<ol>\n<li style=\"margin-bottom: 15px; text-align: justify;\"><strong>sprawdzanie zgodno\u015bci przetwarzania danych osobowych<\/strong> z przepisami o ochronie danych osobowych oraz opracowanie w tym zakresie <strong>sprawozdania dla administratora danych<\/strong>,<\/li>\n<li style=\"margin-bottom: 15px; text-align: justify;\"><strong>nadzorowanie opracowania i aktualizowania dokumentacji<\/strong> opisuj\u0105cej spos\u00f3b przetwarzania danych oraz \u015brodki techniczne i organizacyjne zapewniaj\u0105ce ochron\u0119 przetwarzanych danych osobowych odpowiedni\u0105 do zagro\u017ce\u0144 oraz kategorii danych obj\u0119tych ochron\u0105, oraz przestrzegania zasad w niej okre\u015blonych,<\/li>\n<li style=\"margin-bottom: 15px; text-align: justify;\"><strong>zapewnianie zapoznania os\u00f3b upowa\u017cnionych do przetwarzania danych osobowych<\/strong> z przepisami o ochronie danych osobowych.<\/li>\n<li style=\"margin-bottom: 15px; text-align: justify;\"><strong>prowadzenie rejestru zbior\u00f3w danych<\/strong> przetwarzanych przez administratora danych.<\/li>\n<\/ol>\n<\/div>\n","protected":false},"excerpt":{"rendered":"<p>Administrator Bezpiecze\u0144stwa Informacji (ABI) to osoba, kt\u00f3r\u0105 wyznacza Administrator Danych w celu nadzorowania i przestrzegania zasad ochrony danych osobowych. &nbsp; G\u0142\u00f3wnym zadaniem ABI jest zapewnianie przestrzegania przepis\u00f3w o ochronie danych osobowych, a w szczeg\u00f3lno\u015bci: sprawdzanie zgodno\u015bci przetwarzania danych osobowych z przepisami o ochronie danych osobowych oraz opracowanie w tym zakresie sprawozdania dla administratora danych, nadzorowanie [&hellip;]<\/p>\n","protected":false},"author":2,"featured_media":0,"parent":0,"menu_order":0,"comment_status":"closed","ping_status":"closed","template":"","meta":{"_monsterinsights_skip_tracking":false,"_monsterinsights_sitenote_active":false,"_monsterinsights_sitenote_note":"","_monsterinsights_sitenote_category":0,"footnotes":""},"class_list":["post-9","page","type-page","status-publish","hentry"],"_links":{"self":[{"href":"https:\/\/rodo-radom.pl\/index.php?rest_route=\/wp\/v2\/pages\/9","targetHints":{"allow":["GET"]}}],"collection":[{"href":"https:\/\/rodo-radom.pl\/index.php?rest_route=\/wp\/v2\/pages"}],"about":[{"href":"https:\/\/rodo-radom.pl\/index.php?rest_route=\/wp\/v2\/types\/page"}],"author":[{"embeddable":true,"href":"https:\/\/rodo-radom.pl\/index.php?rest_route=\/wp\/v2\/users\/2"}],"replies":[{"embeddable":true,"href":"https:\/\/rodo-radom.pl\/index.php?rest_route=%2Fwp%2Fv2%2Fcomments&post=9"}],"version-history":[{"count":31,"href":"https:\/\/rodo-radom.pl\/index.php?rest_route=\/wp\/v2\/pages\/9\/revisions"}],"predecessor-version":[{"id":382,"href":"https:\/\/rodo-radom.pl\/index.php?rest_route=\/wp\/v2\/pages\/9\/revisions\/382"}],"wp:attachment":[{"href":"https:\/\/rodo-radom.pl\/index.php?rest_route=%2Fwp%2Fv2%2Fmedia&parent=9"}],"curies":[{"name":"wp","href":"https:\/\/api.w.org\/{rel}","templated":true}]}}