{"id":5,"date":"2014-07-29T12:03:13","date_gmt":"2014-07-29T12:03:13","guid":{"rendered":"http:\/\/fruitfultheme.com\/?page_id=5"},"modified":"2019-02-12T21:30:23","modified_gmt":"2019-02-12T20:30:23","slug":"home","status":"publish","type":"page","link":"https:\/\/rodo-radom.pl\/","title":{"rendered":"Strona g\u0142\u00f3wna"},"content":{"rendered":"<div class=\"ff-root ff fruitful_dbox ff-style-1\">\n\t\n\t\t\n\t\t\n\t<p><span style=\"color: #e8790b;\"><strong><span class=\"text_orange\">ABI<\/span><\/strong><\/span><span style=\"color: #333333;\">\u00a0TO GWARANCJA \u00a0BEZPIECZE\u0143STWA INFORMACJI W TWOJEJ FIRMIE<\/span>\u00a0<\/p>\n\t\n\t\n<\/div>\n<div class=\"ff ff-root\">\n\t<div class=\"ff-container-fluid\">\n\t\t<div class=\"ff-row\">\n\t\t\t<br \/>\n<div class=\"ff-col-md-3 ff-col-elem text-align-center\">\n\n    <div class=\"ffs-info-box \">\n        <div class=\"ffs-icon-box\">\n                            <div class=\"ff-col-image\">\n                                            <img decoding=\"async\" src=\"http:\/\/rodo-radom.pl\/wp-content\/uploads\/2015\/03\/abi_4.png\" alt=\"\">\n                                    <\/div>\n                    <\/div>\n\n        <div class=\"ffs-content-box\">\n                            <h2 class=\"ff-col-title\">Kto to jest ABI?<\/h2>\n            \n            <div >\n                Skr\u00f3t ABI pochodzi od terminu &#8222;Administrator Bezpiecze\u0144stwa Informacji&#8221;. ABI to podmiot odpowiedzialny za bezpiecze\u0144stwo informacji i poufno\u015b\u0107 wszelkich danych\u00a0b\u0119d\u0105cych w posiadaniu Twojej firmy.            <\/div>\n        <\/div>\n    <\/div>\n\n<\/div>\n<br \/>\n<div class=\"ff-col-md-3 ff-col-elem text-align-center\">\n\n    <div class=\"ffs-info-box \">\n        <div class=\"ffs-icon-box\">\n                            <div class=\"ff-col-image\">\n                                            <img decoding=\"async\" src=\"http:\/\/rodo-radom.pl\/wp-content\/uploads\/2015\/03\/abi_2.png\" alt=\"\">\n                                    <\/div>\n                    <\/div>\n\n        <div class=\"ffs-content-box\">\n                            <h2 class=\"ff-col-title\">Komu potrzebny jest ABI?<\/h2>\n            \n            <div >\n                Je\u015bli przetwarzasz dane osobowe, inne ni\u017c w\u0142asne potrzebujesz Administratora Bezpiecze\u0144stwa Informacji. Bezpiecze\u0144stwo informacji w firmie to wym\u00f3g prawny dla\u00a0ka\u017cdej dzia\u0142alno\u015bci zwi\u0105zanej z przetwarzaniem danych osobowych.            <\/div>\n        <\/div>\n    <\/div>\n\n<\/div>\n<br \/>\n<div class=\"ff-col-md-3 ff-col-elem text-align-center\">\n\n    <div class=\"ffs-info-box \">\n        <div class=\"ffs-icon-box\">\n                            <div class=\"ff-col-image\">\n                                            <img decoding=\"async\" src=\"http:\/\/rodo-radom.pl\/wp-content\/uploads\/2015\/03\/abi_1.png\" alt=\"\">\n                                    <\/div>\n                    <\/div>\n\n        <div class=\"ffs-content-box\">\n                            <h2 class=\"ff-col-title\">Dlaczego ja?<\/h2>\n            \n            <div >\n                Jestem specjalist\u0105 w zakresie bezpiecze\u0144stwa informacji. Poznaj korzy\u015bci, kt\u00f3re wynikn\u0105 z naszej wsp\u00f3\u0142pracy. Zobacz szczeg\u00f3\u0142y oferty.            <\/div>\n        <\/div>\n    <\/div>\n\n<\/div>\n<br \/>\n<div class=\"ff-col-md-3 ff-col-elem text-align-center\">\n\n    <div class=\"ffs-info-box \">\n        <div class=\"ffs-icon-box\">\n                            <div class=\"ff-col-image\">\n                                            <img decoding=\"async\" src=\"http:\/\/rodo-radom.pl\/wp-content\/uploads\/2015\/03\/abi_3.png\" alt=\"\">\n                                    <\/div>\n                    <\/div>\n\n        <div class=\"ffs-content-box\">\n                            <h2 class=\"ff-col-title\">Nowe obowi\u0105zki ABI<\/h2>\n            \n            <div >\n                Ka\u017cdy administrator informacji &#8222;inaczej Administrator Danych Osobowych&#8221;, kt\u00f3ry powo\u0142a ABI i zg\u0142osi go do rejestracji GIODO nie b\u0119dzie musia\u0142 bra\u0107 udzia\u0142u w post\u0119powaniu przed GIODO dotycz\u0105cym rejestracji zbior\u00f3w. Teraz wystarczy jeden Administrator Bezpiecze\u0144stwa Informacji w firmie.            <\/div>\n        <\/div>\n    <\/div>\n\n<\/div>\n<br \/>\n\t\t<\/div>\n\t<\/div>\n<\/div>\n\n","protected":false},"excerpt":{"rendered":"","protected":false},"author":2,"featured_media":0,"parent":0,"menu_order":0,"comment_status":"closed","ping_status":"closed","template":"","meta":{"_monsterinsights_skip_tracking":false,"_monsterinsights_sitenote_active":false,"_monsterinsights_sitenote_note":"","_monsterinsights_sitenote_category":0,"footnotes":""},"class_list":["post-5","page","type-page","status-publish","hentry"],"_links":{"self":[{"href":"https:\/\/rodo-radom.pl\/index.php?rest_route=\/wp\/v2\/pages\/5","targetHints":{"allow":["GET"]}}],"collection":[{"href":"https:\/\/rodo-radom.pl\/index.php?rest_route=\/wp\/v2\/pages"}],"about":[{"href":"https:\/\/rodo-radom.pl\/index.php?rest_route=\/wp\/v2\/types\/page"}],"author":[{"embeddable":true,"href":"https:\/\/rodo-radom.pl\/index.php?rest_route=\/wp\/v2\/users\/2"}],"replies":[{"embeddable":true,"href":"https:\/\/rodo-radom.pl\/index.php?rest_route=%2Fwp%2Fv2%2Fcomments&post=5"}],"version-history":[{"count":65,"href":"https:\/\/rodo-radom.pl\/index.php?rest_route=\/wp\/v2\/pages\/5\/revisions"}],"predecessor-version":[{"id":434,"href":"https:\/\/rodo-radom.pl\/index.php?rest_route=\/wp\/v2\/pages\/5\/revisions\/434"}],"wp:attachment":[{"href":"https:\/\/rodo-radom.pl\/index.php?rest_route=%2Fwp%2Fv2%2Fmedia&parent=5"}],"curies":[{"name":"wp","href":"https:\/\/api.w.org\/{rel}","templated":true}]}}