{"id":283,"date":"2015-05-05T20:18:20","date_gmt":"2015-05-05T18:18:20","guid":{"rendered":"http:\/\/abi.radom.pl\/?page_id=283"},"modified":"2017-12-21T02:44:07","modified_gmt":"2017-12-21T01:44:07","slug":"nowe-obowiazki-abi","status":"publish","type":"page","link":"https:\/\/rodo-radom.pl\/?page_id=283","title":{"rendered":"Nowe obowi\u0105zki ABI"},"content":{"rendered":"<div style=\"font-size: 18px;\">\n<p style=\"text-align: justify;\">Do ko\u0144ca 2014 roku Administrator Danych Osobowych (ADO), czyli w praktyce dyrektor lub w\u0142a\u015bciciel przedsi\u0119biorstwa, mia\u0142 obowi\u0105zek wyznaczenia Administratora Bezpiecze\u0144stwa Informacji (ABI) lub w przypadku osoby fizycznej prowadz\u0105cej dzia\u0142alno\u015b\u0107 gospodarcz\u0105 sam wykonywa\u0107 jego czynno\u015bci: rejestrowa\u0107 zbiory danych zwyk\u0142ych i wra\u017cliwych, przygotowywa\u0107 sprawozdania, przyjmowa\u0107 kontrole z GIODO, wykonywa\u0107 audyty itp. Od stycznia 2015 roku, ADO ma mo\u017cliwo\u015b\u0107 wyznaczenia ABI, kt\u00f3ry przejmie jego obowi\u0105zki w zakresie ochrony przetwarzania danych.<\/p>\n<\/div>\n<div style=\"font-size: 18px;\">\n<p style=\"text-align: justify;\">Z pocz\u0105tkiem roku 2015 wesz\u0142y w \u017cycie wa\u017cne zmiany w ustawie o ochronie danych osobowych dotycz\u0105ce instytucji ABI. Zmieniona ustawa na\u0142o\u017cy\u0142a na ABI szereg nowych obowi\u0105zk\u00f3w. W przypadku, gdy ABI nie zostanie powo\u0142any, obowi\u0105zki te spoczywa\u0107 b\u0119d\u0105 na ADO. W zwi\u0105zku z tym posiadanie ABI mo\u017ce okaza\u0107 si\u0119 bardzo pomocne.<\/p>\n<\/div>\n<div style=\"font-size: 18px;\">\n<p style=\"text-align: justify;\">Niew\u0105tpliw\u0105 korzy\u015bci\u0105 dla administrator\u00f3w danych z faktu powo\u0142ania ABI jest<strong> brak obowi\u0105zku zg\u0142aszania zbior\u00f3w danych osobowych do GIODO<\/strong> (z wyj\u0105tkiem zbior\u00f3w danych zawieraj\u0105cych dane wra\u017cliwe). Dzi\u0119ki temu administratorzy danych, kt\u00f3rzy powo\u0142aj\u0105 ABI i zg\u0142osz\u0105 go do rejestracji GIODO nie b\u0119d\u0105 musieli bra\u0107 udzia\u0142u w post\u0119powaniu przed GIODO dotycz\u0105cym rejestracji zbior\u00f3w. Dotyczy to zar\u00f3wno zg\u0142aszania nowych jak i aktualizacji zbior\u00f3w ju\u017c zg\u0142oszonych.<\/p>\n<\/div>\n<div style=\"font-size: 18px;\">\n<p style=\"text-align: justify;\">Ponadto zgodnie z nowymi przepisami GIODO mo\u017ce zwr\u00f3ci\u0107 si\u0119 do ABI o dokonanie sprawdzenia zgodno\u015bci przetwarzania danych osobowych z przepisami o ochronie danych osobowych. Dla administrator\u00f3w danych oznacza to, \u017ce b\u0119d\u0105 mogli unikn\u0105\u0107 stresu zwi\u0105zanego z obecno\u015bci\u0105 inspektor\u00f3w z biura GIODO w swojej firmie ? <strong>zamiast GIODO kontrol\u0119 przeprowadzi wtedy ABI<\/strong>.<\/p>\n<\/div>\n<div style=\"font-size: 18px;\">\n<p style=\"text-align: justify;\"><span style=\"color: #ff5500;\">Zmiany wesz\u0142y w \u017cycie 01.01.2015, natomiast Administratorzy Danych mog\u0105 ostatecznie zdecydowa\u0107 czy decyduj\u0105 si\u0119 na ABI do 30.06.2015.<\/span><\/p>\n<\/div>\n","protected":false},"excerpt":{"rendered":"<p>Do ko\u0144ca 2014 roku Administrator Danych Osobowych (ADO), czyli w praktyce dyrektor lub w\u0142a\u015bciciel przedsi\u0119biorstwa, mia\u0142 obowi\u0105zek wyznaczenia Administratora Bezpiecze\u0144stwa Informacji (ABI) lub w przypadku osoby fizycznej prowadz\u0105cej dzia\u0142alno\u015b\u0107 gospodarcz\u0105 sam wykonywa\u0107 jego czynno\u015bci: rejestrowa\u0107 zbiory danych zwyk\u0142ych i wra\u017cliwych, przygotowywa\u0107 sprawozdania, przyjmowa\u0107 kontrole z GIODO, wykonywa\u0107 audyty itp. Od stycznia 2015 roku, ADO ma [&hellip;]<\/p>\n","protected":false},"author":2,"featured_media":0,"parent":0,"menu_order":0,"comment_status":"closed","ping_status":"closed","template":"","meta":{"_monsterinsights_skip_tracking":false,"_monsterinsights_sitenote_active":false,"_monsterinsights_sitenote_note":"","_monsterinsights_sitenote_category":0,"footnotes":""},"class_list":["post-283","page","type-page","status-publish","hentry"],"_links":{"self":[{"href":"https:\/\/rodo-radom.pl\/index.php?rest_route=\/wp\/v2\/pages\/283","targetHints":{"allow":["GET"]}}],"collection":[{"href":"https:\/\/rodo-radom.pl\/index.php?rest_route=\/wp\/v2\/pages"}],"about":[{"href":"https:\/\/rodo-radom.pl\/index.php?rest_route=\/wp\/v2\/types\/page"}],"author":[{"embeddable":true,"href":"https:\/\/rodo-radom.pl\/index.php?rest_route=\/wp\/v2\/users\/2"}],"replies":[{"embeddable":true,"href":"https:\/\/rodo-radom.pl\/index.php?rest_route=%2Fwp%2Fv2%2Fcomments&post=283"}],"version-history":[{"count":8,"href":"https:\/\/rodo-radom.pl\/index.php?rest_route=\/wp\/v2\/pages\/283\/revisions"}],"predecessor-version":[{"id":363,"href":"https:\/\/rodo-radom.pl\/index.php?rest_route=\/wp\/v2\/pages\/283\/revisions\/363"}],"wp:attachment":[{"href":"https:\/\/rodo-radom.pl\/index.php?rest_route=%2Fwp%2Fv2%2Fmedia&parent=283"}],"curies":[{"name":"wp","href":"https:\/\/api.w.org\/{rel}","templated":true}]}}