{"id":133,"date":"2015-04-13T20:03:46","date_gmt":"2015-04-13T18:03:46","guid":{"rendered":"http:\/\/abi.radom.pl\/?page_id=133"},"modified":"2017-12-21T02:46:14","modified_gmt":"2017-12-21T01:46:14","slug":"komu-jest-potrzebny-abi","status":"publish","type":"page","link":"https:\/\/rodo-radom.pl\/?page_id=133","title":{"rendered":"ABI w firmie &#8211; komu jest potrzebny?"},"content":{"rendered":"<h3>Je\u015bli przetwarzasz dane osobowe, inne ni\u017c w\u0142asne potrzebujesz Administratora Bezpiecze\u0144stwa Informacji.<\/h3>\n<p>&nbsp;<\/p>\n<p style=\"text-align: left; padding-left: 30px;\"><img fetchpriority=\"high\" decoding=\"async\" class=\"aligncenter size-full wp-image-210\" src=\"http:\/\/rodo-radom.pl\/wp-content\/uploads\/2015\/04\/szkola_jezykowa.jpg\" alt=\"\" width=\"300\" height=\"200\" \/><\/p>\n<p style=\"padding-top: 40px; font-size: 18px; text-align: justify;\"><strong>szko\u0142a j\u0119zykowa<\/strong>: zbieranie, przechowywanie i wykorzystywanie danych rodzic\u00f3w dzieci, kt\u00f3re uczysz to przetwarzanie danych;<\/p>\n<div style=\"clear: both;\"><\/div>\n<p style=\"padding-left: 30px;\"><strong><img decoding=\"async\" class=\"aligncenter size-full wp-image-203\" src=\"http:\/\/rodo-radom.pl\/wp-content\/uploads\/2015\/04\/weterynarz.jpg\" alt=\"\" width=\"300\" height=\"200\" \/><br \/>\n<\/strong><\/p>\n<p style=\"padding-top: 5px; font-size: 18px; text-align: justify;\"><strong>gabinet weterynaryjny<\/strong>: zbieranie, przechowywanie i wykorzystywanie danych w\u0142a\u015bcicieli ps\u00f3w i kot\u00f3w, to przetwarzanie danych;<\/p>\n<div style=\"clear: both;\"><\/div>\n<p style=\"padding-left: 30px;\"><img decoding=\"async\" class=\"aligncenter size-full wp-image-191\" src=\"http:\/\/rodo-radom.pl\/wp-content\/uploads\/2015\/04\/gabinet_lekarski.jpg\" alt=\"\" width=\"300\" height=\"200\" \/><\/p>\n<p style=\"padding-top: 30px; font-size: 18px; text-align: justify;\"><strong>gabinet lekarski<\/strong>: zbieranie, przechowywanie i wykorzystywanie danych os\u00f3b, kt\u00f3re Tw\u00f3j pacjent upowa\u017cnia do otrzymywania informacji o chorobie, to przetwarzanie danych;<\/p>\n<div style=\"clear: both;\"><\/div>\n<p style=\"padding-left: 30px;\"><strong><img loading=\"lazy\" decoding=\"async\" class=\"aligncenter size-full wp-image-198\" src=\"http:\/\/rodo-radom.pl\/wp-content\/uploads\/2015\/04\/szkola_przedszkole.jpg\" alt=\"\" width=\"300\" height=\"200\" \/><br \/>\n<\/strong><\/p>\n<p style=\"padding-top: 15px; font-size: 18px; text-align: justify;\"><strong>przedszkole, szko\u0142a<\/strong>: zbieranie, przechowywanie i wykorzystywanie danych rodzic\u00f3w i opiekun\u00f3w Twoich uczni\u00f3w to przetwarzanie danych osobowych;<\/p>\n<div style=\"clear: both;\"><\/div>\n<p style=\"padding-left: 30px;\"><strong><img loading=\"lazy\" decoding=\"async\" class=\"aligncenter size-full wp-image-200\" src=\"http:\/\/rodo-radom.pl\/wp-content\/uploads\/2015\/04\/biuro_podrozy.jpg\" alt=\"\" width=\"300\" height=\"200\" \/><br \/>\n<\/strong><\/p>\n<p style=\"padding-top: 5px; font-size: 18px; text-align: justify;\"><strong>biuro podr\u00f3\u017cy<\/strong>: zbieranie, przechowywanie i wykorzystywanie danych osobowych Twoich klient\u00f3w to przetwarzanie danych osobowych;<\/p>\n<div style=\"clear: both;\"><\/div>\n<p style=\"padding-left: 30px;\"><strong><img loading=\"lazy\" decoding=\"async\" class=\"aligncenter size-full wp-image-208\" src=\"http:\/\/rodo-radom.pl\/wp-content\/uploads\/2015\/04\/warsztat.jpg\" alt=\"\" width=\"300\" height=\"200\" \/><br \/>\n<\/strong><\/p>\n<p style=\"padding-top: 5px; font-size: 18px; text-align: justify;\"><strong>warsztat motoryzacyjny, auto-serwis<\/strong>: zbieranie, przechowywanie i wykorzystywanie danych pojazd\u00f3w to przetwarzanie danych osobowych;<\/p>\n<div style=\"clear: both;\"><\/div>\n<p style=\"padding-left: 30px;\"><img loading=\"lazy\" decoding=\"async\" class=\"aligncenter size-full wp-image-206\" src=\"http:\/\/rodo-radom.pl\/wp-content\/uploads\/2015\/04\/firma_prywatna.jpg\" alt=\"\" width=\"300\" height=\"200\" \/><\/p>\n<p style=\"padding-top: 5px; font-size: 18px; text-align: justify;\"><strong>firma prywatna<\/strong>: zbieranie, przechowywanie i wykorzystywanie danych Twoich klient\u00f3w i kontrahent\u00f3w do kt\u00f3rych wysy\u0142asz korespondencj\u0119 handlow\u0105 np. w postaci tradycyjnego listu czy newslettera, zaprosze\u0144 na dni otwarte, kartek z \u017cyczeniami \u015bwi\u0105tecznymi, informacji w programie lojalno\u015bciowym to r\u00f3wnie\u017c przetwarzanie danych.<\/p>\n<p>&nbsp;<\/p>\n<div style=\"clear: both;\"><\/div>\n<p style=\"font-size: 18px; text-align: justify;\">Dane osobowe to wszelkie informacje, kt\u00f3re mog\u0105 prowadzi\u0107 do zidentyfikowania osoby fizycznej. Tak wi\u0119c opr\u00f3cz imienia i nazwiska, PESEL, telefon, adres zamieszkania czy adres poczty elektronicznej s\u0105 danymi osobowymi.<\/p>\n<p style=\"font-size: 18px; text-align: justify;\">Dlatego warto zaprosi\u0107 do wsp\u00f3\u0142pracy Administratora Bezpiecze\u0144stwa Informacji, kt\u00f3ry zadba o bezpiecze\u0144stwo i profesjonalny nadz\u00f3r nad procesem przetwarzania danych osobowych w Twojej firmie.<\/p>\n","protected":false},"excerpt":{"rendered":"<p>Je\u015bli przetwarzasz dane osobowe, inne ni\u017c w\u0142asne potrzebujesz Administratora Bezpiecze\u0144stwa Informacji. &nbsp; szko\u0142a j\u0119zykowa: zbieranie, przechowywanie i wykorzystywanie danych rodzic\u00f3w dzieci, kt\u00f3re uczysz to przetwarzanie danych; gabinet weterynaryjny: zbieranie, przechowywanie i wykorzystywanie danych w\u0142a\u015bcicieli ps\u00f3w i kot\u00f3w, to przetwarzanie danych; gabinet lekarski: zbieranie, przechowywanie i wykorzystywanie danych os\u00f3b, kt\u00f3re Tw\u00f3j pacjent upowa\u017cnia do otrzymywania informacji [&hellip;]<\/p>\n","protected":false},"author":2,"featured_media":0,"parent":0,"menu_order":0,"comment_status":"closed","ping_status":"closed","template":"","meta":{"_monsterinsights_skip_tracking":false,"_monsterinsights_sitenote_active":false,"_monsterinsights_sitenote_note":"","_monsterinsights_sitenote_category":0,"footnotes":""},"class_list":["post-133","page","type-page","status-publish","hentry"],"_links":{"self":[{"href":"https:\/\/rodo-radom.pl\/index.php?rest_route=\/wp\/v2\/pages\/133","targetHints":{"allow":["GET"]}}],"collection":[{"href":"https:\/\/rodo-radom.pl\/index.php?rest_route=\/wp\/v2\/pages"}],"about":[{"href":"https:\/\/rodo-radom.pl\/index.php?rest_route=\/wp\/v2\/types\/page"}],"author":[{"embeddable":true,"href":"https:\/\/rodo-radom.pl\/index.php?rest_route=\/wp\/v2\/users\/2"}],"replies":[{"embeddable":true,"href":"https:\/\/rodo-radom.pl\/index.php?rest_route=%2Fwp%2Fv2%2Fcomments&post=133"}],"version-history":[{"count":114,"href":"https:\/\/rodo-radom.pl\/index.php?rest_route=\/wp\/v2\/pages\/133\/revisions"}],"predecessor-version":[{"id":399,"href":"https:\/\/rodo-radom.pl\/index.php?rest_route=\/wp\/v2\/pages\/133\/revisions\/399"}],"wp:attachment":[{"href":"https:\/\/rodo-radom.pl\/index.php?rest_route=%2Fwp%2Fv2%2Fmedia&parent=133"}],"curies":[{"name":"wp","href":"https:\/\/api.w.org\/{rel}","templated":true}]}}