{"id":127,"date":"2015-04-13T19:52:18","date_gmt":"2015-04-13T17:52:18","guid":{"rendered":"http:\/\/abi.radom.pl\/?page_id=127"},"modified":"2023-12-03T17:41:20","modified_gmt":"2023-12-03T16:41:20","slug":"dlaczego-ja","status":"publish","type":"page","link":"https:\/\/rodo-radom.pl\/?page_id=127","title":{"rendered":"Dlaczego ja?"},"content":{"rendered":"<h3><strong>Oferuj\u0119<\/strong><\/h3>\n<div style=\"font-size: 18px;\">\n<p><img fetchpriority=\"high\" decoding=\"async\" class=\"aligncenter size-full wp-image-222\" src=\"http:\/\/rodo-radom.pl\/wp-content\/uploads\/2015\/04\/kciuki.jpg\" alt=\"\" width=\"450\" height=\"300\" srcset=\"https:\/\/rodo-radom.pl\/wp-content\/uploads\/2015\/04\/kciuki.jpg 450w, https:\/\/rodo-radom.pl\/wp-content\/uploads\/2015\/04\/kciuki-300x200.jpg 300w\" sizes=\"(max-width: 450px) 100vw, 450px\" \/><\/p>\n<ul>\n<li style=\"margin-bottom: 15px; text-align: justify;\">pomoc w zakresie dostosowania przetwarzania danych osobowych do wymog\u00f3w stawianych przez przepisy dotycz\u0105ce ochrony danych osobowych <a href=\"https:\/\/lemoncasino-poland.com\/app\/\"><span data-sheets-root=\"1\" data-sheets-value=\"{&quot;1&quot;:2,&quot;2&quot;:&quot;Aplikacja kasyna lemon&quot;}\" data-sheets-userformat=\"{&quot;2&quot;:513,&quot;3&quot;:{&quot;1&quot;:0},&quot;12&quot;:0}\">Aplikacja kasyna lemon<\/span><\/a>.<\/li>\n<li style=\"margin-bottom: 15px; text-align: justify;\">pomoc we wdro\u017ceniu systemu ochrony danych.<\/li>\n<li style=\"margin-bottom: 15px; text-align: justify;\">pomoc w sytuacji wyst\u0105pienia incydent\u00f3w naruszenia ochrony danych osobowych.<\/li>\n<\/ul>\n<\/div>\n<h3><strong>Prowadz\u0119<\/strong><\/h3>\n<div style=\"font-size: 18px;\">\n<ul>\n<li style=\"margin-bottom: 15px; text-align: justify;\">audyt w zakresie ochrony danych osobowych oraz okresowe audyty stanu bezpiecze\u0144stwa<\/li>\n<li style=\"margin-bottom: 15px; text-align: justify;\">nadz\u00f3r nad realizacj\u0105 zalece\u0144 b\u0119d\u0105cych wynikiem przeprowadzonych audyt\u00f3w.<\/li>\n<li style=\"margin-bottom: 15px; text-align: justify;\">kontrol\u0119 stanu wydanych upowa\u017cnie\u0144 oraz ewidencji os\u00f3b upowa\u017cnionych.<\/li>\n<li style=\"margin-bottom: 15px; text-align: justify;\">nadz\u00f3r nad przestrzeganiem zasad przetwarzania i ochrony danych osobowych wynikaj\u0105cych z przepis\u00f3w prawa<\/li>\n<\/ul>\n<\/div>\n<h3><strong>Przygotuj\u0119<\/strong><\/h3>\n<div style=\"font-size: 18px;\">\n<ul>\n<li style=\"margin-bottom: 15px; text-align: justify;\">dokumenty wymagane podczas przetwarzania danych osobowych,<\/li>\n<li style=\"margin-bottom: 15px; text-align: justify;\">projekty Polityki Bezpiecze\u0144stwa, Instrukcji Zarz\u0105dzania oraz inne dokumenty niezb\u0119dne z punktu widzenia bezpiecze\u0144stwa danych.<\/li>\n<li style=\"margin-bottom: 15px; text-align: justify;\">raporty wraz z zaleceniami zmian, dzi\u0119ki kt\u00f3rym Administrator Danych b\u0119dzie dysponowa\u0142 pe\u0142n\u0105 wiedz\u0105 na temat stanu ochrony danych osobowych w firmie.<\/li>\n<li style=\"margin-bottom: 15px; text-align: justify;\">wnioski rejestracyjne celem dope\u0142nienia ustawowego obowi\u0105zku rejestracji zbior\u00f3w danych osobowych w rejestrze prowadzonym przez Generalnego Inspektora Ochrony Danych Osobowych.<\/li>\n<\/ul>\n<\/div>\n","protected":false},"excerpt":{"rendered":"<p>Oferuj\u0119 pomoc w zakresie dostosowania przetwarzania danych osobowych do wymog\u00f3w stawianych przez przepisy dotycz\u0105ce ochrony danych osobowych Aplikacja kasyna lemon. pomoc we wdro\u017ceniu systemu ochrony danych. pomoc w sytuacji wyst\u0105pienia incydent\u00f3w naruszenia ochrony danych osobowych. Prowadz\u0119 audyt w zakresie ochrony danych osobowych oraz okresowe audyty stanu bezpiecze\u0144stwa nadz\u00f3r nad realizacj\u0105 zalece\u0144 b\u0119d\u0105cych wynikiem przeprowadzonych audyt\u00f3w. [&hellip;]<\/p>\n","protected":false},"author":2,"featured_media":0,"parent":0,"menu_order":0,"comment_status":"closed","ping_status":"closed","template":"","meta":{"_monsterinsights_skip_tracking":false,"_monsterinsights_sitenote_active":false,"_monsterinsights_sitenote_note":"","_monsterinsights_sitenote_category":0,"footnotes":""},"class_list":["post-127","page","type-page","status-publish","hentry"],"_links":{"self":[{"href":"https:\/\/rodo-radom.pl\/index.php?rest_route=\/wp\/v2\/pages\/127","targetHints":{"allow":["GET"]}}],"collection":[{"href":"https:\/\/rodo-radom.pl\/index.php?rest_route=\/wp\/v2\/pages"}],"about":[{"href":"https:\/\/rodo-radom.pl\/index.php?rest_route=\/wp\/v2\/types\/page"}],"author":[{"embeddable":true,"href":"https:\/\/rodo-radom.pl\/index.php?rest_route=\/wp\/v2\/users\/2"}],"replies":[{"embeddable":true,"href":"https:\/\/rodo-radom.pl\/index.php?rest_route=%2Fwp%2Fv2%2Fcomments&post=127"}],"version-history":[{"count":16,"href":"https:\/\/rodo-radom.pl\/index.php?rest_route=\/wp\/v2\/pages\/127\/revisions"}],"predecessor-version":[{"id":957,"href":"https:\/\/rodo-radom.pl\/index.php?rest_route=\/wp\/v2\/pages\/127\/revisions\/957"}],"wp:attachment":[{"href":"https:\/\/rodo-radom.pl\/index.php?rest_route=%2Fwp%2Fv2%2Fmedia&parent=127"}],"curies":[{"name":"wp","href":"https:\/\/api.w.org\/{rel}","templated":true}]}}